{"id":6147,"date":"2022-06-30T14:45:20","date_gmt":"2022-06-30T19:45:20","guid":{"rendered":"https:\/\/www.rbourbonnais.ca\/?page_id=6147"},"modified":"2022-06-30T14:45:20","modified_gmt":"2022-06-30T19:45:20","slug":"careers","status":"publish","type":"page","link":"https:\/\/www.rbourbonnais.ca\/en\/careers\/","title":{"rendered":"Careers"},"content":{"rendered":"<div class=\"wpb-content-wrapper\">[mk_page_section bg_image=&#8221;http:\/\/rbourbonnais.ca\/wp-content\/uploads\/service-de-debouchage-opt.jpg&#8221; bg_color=&#8221;#000000&#8243; bg_position=&#8221;center top&#8221; bg_repeat=&#8221;no-repeat&#8221; bg_stretch=&#8221;true&#8221; enable_3d=&#8221;true&#8221; video_color_mask=&#8221;#000000&#8243; video_opacity=&#8221;0.3&#8243; full_height=&#8221;true&#8221; top_shape_color=&#8221;#ffffff&#8221; bottom_shape_color=&#8221;#ffffff&#8221; first_page=&#8221;false&#8221; last_page=&#8221;false&#8221; sidebar=&#8221;sidebar-1&#8243;][vc_column][mk_padding_divider size=&#8221;90&#8243; visibility=&#8221;hidden-sm&#8221;][mk_fancy_title tag_name=&#8221;h1&#8243; color=&#8221;#ffffff&#8221; size=&#8221;103&#8243; force_font_size=&#8221;true&#8221; size_smallscreen=&#8221;67&#8243; size_tablet=&#8221;32&#8243; size_phone=&#8221;32&#8243; font_weight=&#8221;bold&#8221; txt_transform=&#8221;uppercase&#8221; margin_bottom=&#8221;0&#8243; font_family=&#8221;Montserrat&#8221; font_type=&#8221;google&#8221; align=&#8221;center&#8221; animation=&#8221;flip-x&#8221;]Join our team[\/mk_fancy_title][\/vc_column][\/mk_page_section][mk_page_section min_height=&#8221;425&#8243; js_vertical_centered=&#8221;true&#8221; padding_top=&#8221;30&#8243; padding_bottom=&#8221;30&#8243; sidebar=&#8221;sidebar-1&#8243;][vc_column][mk_padding_divider size=&#8221;90&#8243; visibility=&#8221;hidden-sm&#8221;][mk_fancy_title color=&#8221;#ffffff&#8221; size=&#8221;36&#8243; force_font_size=&#8221;true&#8221; size_phone=&#8221;30&#8243; txt_transform=&#8221;uppercase&#8221; letter_spacing=&#8221;5&#8243; margin_top=&#8221;20&#8243; font_family=&#8221;Montserrat&#8221; font_type=&#8221;google&#8221; align=&#8221;center&#8221; animation=&#8221;top-to-bottom&#8221;]Become part of a family business<br \/>\n[\/mk_fancy_title][vc_row_inner][vc_column_inner width=&#8221;1\/4&#8243;][\/vc_column_inner][vc_column_inner width=&#8221;1\/2&#8243;][vc_column_text align=&#8221;center&#8221; css=&#8221;.vc_custom_1656617711685{margin-bottom: 0px !important;}&#8221;]<span style=\"color: #ffffff;\">Are you a plumber looking for a stimulating career with opportunities for advancement? Are you an apprentice plumber wishing to learn every aspect of the plumbing profession?<br \/>\nCome join our family-owned-and-operated business in which we prioritize the happiness and development of our employees! Since 1970, at Roland Bourbonnais Lt\u00e9e., we\u2019ve been working to ensure the well-being of our clients through the rigor, precision, efficiency and expertise of our employees, who offer a diversity of plumbing services.<br \/>\nWe\u2019re looking for people who are interested in plumbing and who would like to learn more about the profession of a specialized plumber to join our motivated, dynamic team.<br \/>\n<\/span><br \/>\n[\/vc_column_text][vc_column_text align=&#8221;center&#8221; css=&#8221;.vc_custom_1656617991202{margin-bottom: 0px !important;}&#8221;]<span style=\"color: #ffffff;\">Vous \u00eates un plombier qui a envie d\u2019avoir une carri\u00e8re stimulante avec des possibilit\u00e9s d\u2019avancement? Vous \u00eates un apprenti plombier qui cherche \u00e0 apprendre toutes les sph\u00e8res de la plomberie?<\/span><\/p>\n<p><span style=\"color: #ffffff;\">Venez rejoindre notre entreprise familiale pour qui le bonheur et le d\u00e9veloppement de ses employ\u00e9s sont une priorit\u00e9! Depuis 1970, Roland Bourbonnais Lt\u00e9e \u0153uvre aux bien-\u00eatre de ses clients gr\u00e2ce \u00e0 la rigueur, la minutie, l\u2019efficacit\u00e9 et l\u2019expertise de ses employ\u00e9s offrant des services de plomberie diversifi\u00e9s.<\/span><\/p>\n<p><span style=\"color: #ffffff;\">Nous avons besoin de personnes qui sont int\u00e9ress\u00e9es par le domaine de la plomberie et qui veulent en apprendre davantage sur le m\u00e9tier de plombier sp\u00e9cialis\u00e9 pour compl\u00e9ter notre jeune \u00e9quipe motiv\u00e9e et dynamique.<\/span>[\/vc_column_text][mk_padding_divider][mk_fancy_title tag_name=&#8221;span&#8221; size=&#8221;26&#8243; font_family=&#8221;none&#8221; align=&#8221;center&#8221;]Apply now [\/mk_fancy_title]\n<div class=\"wpcf7 no-js\" id=\"wpcf7-f6426-o1\" lang=\"fr-CA\" dir=\"ltr\" data-wpcf7-id=\"6426\">\n<div class=\"screen-reader-response\"><p role=\"status\" aria-live=\"polite\" aria-atomic=\"true\"><\/p> <ul><\/ul><\/div>\n<form action=\"\/en\/wp-json\/wp\/v2\/pages\/6147#wpcf7-f6426-o1\" method=\"post\" class=\"wpcf7-form init\" aria-label=\"Contact form\" enctype=\"multipart\/form-data\" novalidate=\"novalidate\" data-status=\"init\">\n<fieldset class=\"hidden-fields-container\"><input type=\"hidden\" name=\"_wpcf7\" value=\"6426\" \/><input type=\"hidden\" name=\"_wpcf7_version\" value=\"6.1.5\" \/><input type=\"hidden\" name=\"_wpcf7_locale\" value=\"fr_CA\" \/><input type=\"hidden\" name=\"_wpcf7_unit_tag\" value=\"wpcf7-f6426-o1\" \/><input type=\"hidden\" name=\"_wpcf7_container_post\" value=\"0\" \/><input type=\"hidden\" name=\"_wpcf7_posted_data_hash\" value=\"\" \/><input type=\"hidden\" name=\"_wpcf7_recaptcha_response\" value=\"\" \/>\n<\/fieldset>\n<div style=\"text-align:center\">\n\t<p><span class=\"wpcf7-form-control-wrap\" data-name=\"your-name\"><input size=\"40\" maxlength=\"400\" class=\"wpcf7-form-control wpcf7-text wpcf7-validates-as-required\" aria-required=\"true\" aria-invalid=\"false\" placeholder=\"First and last name*\" value=\"\" type=\"text\" name=\"your-name\" \/><\/span><br \/>\n<span class=\"wpcf7-form-control-wrap\" data-name=\"your-email\"><input size=\"40\" maxlength=\"400\" class=\"wpcf7-form-control wpcf7-email wpcf7-validates-as-required wpcf7-text wpcf7-validates-as-email\" aria-required=\"true\" aria-invalid=\"false\" placeholder=\"Email*\" value=\"\" type=\"email\" name=\"your-email\" \/><\/span><br \/>\n<span class=\"wpcf7-form-control-wrap\" data-name=\"your-tel\"><input size=\"40\" maxlength=\"400\" class=\"wpcf7-form-control wpcf7-tel wpcf7-validates-as-required wpcf7-text wpcf7-validates-as-tel\" aria-required=\"true\" aria-invalid=\"false\" placeholder=\"Phone*\" value=\"\" type=\"tel\" name=\"your-tel\" \/><\/span><br \/>\n<span class=\"wpcf7-form-control-wrap\" data-name=\"your-city\"><input size=\"40\" maxlength=\"400\" class=\"wpcf7-form-control wpcf7-text wpcf7-validates-as-required\" aria-required=\"true\" aria-invalid=\"false\" placeholder=\"City*\" value=\"\" type=\"text\" name=\"your-city\" \/><\/span><br \/>\n<strong>Curriculum vitae (attach)<\/strong><br \/>\n<span class=\"wpcf7-form-control-wrap\" data-name=\"file-667\"><input size=\"40\" class=\"wpcf7-form-control wpcf7-file\" accept=\"audio\/*,video\/*,image\/*\" aria-invalid=\"false\" type=\"file\" name=\"file-667\" \/><\/span><br \/>\n<input class=\"wpcf7-form-control wpcf7-submit has-spinner\" type=\"submit\" value=\"Send\" \/>\n\t<\/p>\n<\/div>\n<p><script>\ndocument.addEventListener( 'wpcf7mailsent', function( event ) {\n location = 'https:\/\/www.rbourbonnais.ca\/merci\/';\n}, false );\n<\/script>\n<\/p>\n<style>.wpcf7 input[type=\"file\"] {background:rgba(255,255,255,0.25);}.wpcf7-spinner {display:none !Important}\n<\/style><div class=\"wpcf7-response-output\" aria-hidden=\"true\"><\/div>\n<\/form>\n<\/div>\n[\/vc_column_inner][vc_column_inner width=&#8221;1\/4&#8243;][\/vc_column_inner][\/vc_row_inner][\/vc_column][\/mk_page_section]\n<\/div>","protected":false},"excerpt":{"rendered":"<p>[mk_page_section bg_image=&#8221;http:\/\/rbourbonnais.ca\/wp-content\/uploads\/service-de-debouchage-opt.jpg&#8221; bg_color=&#8221;#000000&#8243; bg_position=&#8221;center top&#8221; bg_repeat=&#8221;no-repeat&#8221; bg_stretch=&#8221;true&#8221; enable_3d=&#8221;true&#8221; video_color_mask=&#8221;#000000&#8243; video_opacity=&#8221;0.3&#8243; full_height=&#8221;true&#8221; top_shape_color=&#8221;#ffffff&#8221; bottom_shape_color=&#8221;#ffffff&#8221; first_page=&#8221;false&#8221; last_page=&#8221;false&#8221; sidebar=&#8221;sidebar-1&#8243;][vc_column][mk_padding_divider size=&#8221;90&#8243; visibility=&#8221;hidden-sm&#8221;][mk_fancy_title tag_name=&#8221;h1&#8243; color=&#8221;#ffffff&#8221; size=&#8221;103&#8243; force_font_size=&#8221;true&#8221; size_smallscreen=&#8221;67&#8243; size_tablet=&#8221;32&#8243; size_phone=&#8221;32&#8243; font_weight=&#8221;bold&#8221; txt_transform=&#8221;uppercase&#8221; margin_bottom=&#8221;0&#8243; font_family=&#8221;Montserrat&#8221; font_type=&#8221;google&#8221; align=&#8221;center&#8221; animation=&#8221;flip-x&#8221;]Join our team[\/mk_fancy_title][\/vc_column][\/mk_page_section][mk_page_section min_height=&#8221;425&#8243; js_vertical_centered=&#8221;true&#8221; padding_top=&#8221;30&#8243; padding_bottom=&#8221;30&#8243; sidebar=&#8221;sidebar-1&#8243;][vc_column][mk_padding_divider size=&#8221;90&#8243; visibility=&#8221;hidden-sm&#8221;][mk_fancy_title color=&#8221;#ffffff&#8221; size=&#8221;36&#8243; force_font_size=&#8221;true&#8221; size_phone=&#8221;30&#8243; txt_transform=&#8221;uppercase&#8221; letter_spacing=&#8221;5&#8243; margin_top=&#8221;20&#8243; font_family=&#8221;Montserrat&#8221; font_type=&#8221;google&#8221; align=&#8221;center&#8221; animation=&#8221;top-to-bottom&#8221;]Become part of a [&hellip;]<\/p>\n","protected":false},"author":2,"featured_media":0,"parent":0,"menu_order":0,"comment_status":"closed","ping_status":"closed","template":"","meta":{"footnotes":""},"class_list":["post-6147","page","type-page","status-publish","hentry"],"yoast_head":"<!-- This site is optimized with the Yoast SEO plugin v27.4 - https:\/\/yoast.com\/product\/yoast-seo-wordpress\/ -->\n<title>Roland Bourbonnais is recruiting professional plumbers and apprentice plumbers.<\/title>\n<meta name=\"description\" content=\"Join the dynamic, motivated team of plumbers at Roland Bourbonnais Lt\u00e9e. and enjoy a stimulating career with opportunities for training and advancement.\" \/>\n<meta name=\"robots\" content=\"index, follow, max-snippet:-1, max-image-preview:large, max-video-preview:-1\" \/>\n<link rel=\"canonical\" href=\"https:\/\/www.rbourbonnais.ca\/en\/careers\/\" \/>\n<meta property=\"og:locale\" content=\"en_US\" \/>\n<meta property=\"og:type\" content=\"article\" \/>\n<meta property=\"og:title\" content=\"Roland Bourbonnais is recruiting professional plumbers and apprentice plumbers.\" \/>\n<meta property=\"og:description\" content=\"Join the dynamic, motivated team of plumbers at Roland Bourbonnais Lt\u00e9e. and enjoy a stimulating career with opportunities for training and advancement.\" \/>\n<meta property=\"og:url\" content=\"https:\/\/www.rbourbonnais.ca\/en\/careers\/\" \/>\n<meta property=\"og:site_name\" content=\"Roland Bourbonnais Lt\u00e9e\" \/>\n<meta property=\"article:publisher\" content=\"https:\/\/www.facebook.com\/roland25bourbonnais\/\" \/>\n<meta name=\"twitter:card\" content=\"summary_large_image\" \/>\n<meta name=\"twitter:label1\" content=\"Est. reading time\" \/>\n\t<meta name=\"twitter:data1\" content=\"2 minutes\" \/>\n<script type=\"application\/ld+json\" class=\"yoast-schema-graph\">{\"@context\":\"https:\\\/\\\/schema.org\",\"@graph\":[{\"@type\":\"WebPage\",\"@id\":\"https:\\\/\\\/www.rbourbonnais.ca\\\/en\\\/careers\\\/\",\"url\":\"https:\\\/\\\/www.rbourbonnais.ca\\\/en\\\/careers\\\/\",\"name\":\"Roland Bourbonnais is recruiting professional plumbers and apprentice plumbers.\",\"isPartOf\":{\"@id\":\"https:\\\/\\\/www.rbourbonnais.ca\\\/#website\"},\"datePublished\":\"2022-06-30T19:45:20+00:00\",\"description\":\"Join the dynamic, motivated team of plumbers at Roland Bourbonnais Lt\u00e9e. and enjoy a stimulating career with opportunities for training and advancement.\",\"breadcrumb\":{\"@id\":\"https:\\\/\\\/www.rbourbonnais.ca\\\/en\\\/careers\\\/#breadcrumb\"},\"inLanguage\":\"en-CA\",\"potentialAction\":[{\"@type\":\"ReadAction\",\"target\":[\"https:\\\/\\\/www.rbourbonnais.ca\\\/en\\\/careers\\\/\"]}]},{\"@type\":\"BreadcrumbList\",\"@id\":\"https:\\\/\\\/www.rbourbonnais.ca\\\/en\\\/careers\\\/#breadcrumb\",\"itemListElement\":[{\"@type\":\"ListItem\",\"position\":1,\"name\":\"Home\",\"item\":\"https:\\\/\\\/www.rbourbonnais.ca\\\/en\\\/\"},{\"@type\":\"ListItem\",\"position\":2,\"name\":\"Careers\"}]},{\"@type\":\"WebSite\",\"@id\":\"https:\\\/\\\/www.rbourbonnais.ca\\\/#website\",\"url\":\"https:\\\/\\\/www.rbourbonnais.ca\\\/\",\"name\":\"Roland Bourbonnais Lt\u00e9e\",\"description\":\"\",\"publisher\":{\"@id\":\"https:\\\/\\\/www.rbourbonnais.ca\\\/#organization\"},\"potentialAction\":[{\"@type\":\"SearchAction\",\"target\":{\"@type\":\"EntryPoint\",\"urlTemplate\":\"https:\\\/\\\/www.rbourbonnais.ca\\\/?s={search_term_string}\"},\"query-input\":{\"@type\":\"PropertyValueSpecification\",\"valueRequired\":true,\"valueName\":\"search_term_string\"}}],\"inLanguage\":\"en-CA\"},{\"@type\":\"Organization\",\"@id\":\"https:\\\/\\\/www.rbourbonnais.ca\\\/#organization\",\"name\":\"Roland Bourbonnais Lt\u00e9e\",\"url\":\"https:\\\/\\\/www.rbourbonnais.ca\\\/\",\"logo\":{\"@type\":\"ImageObject\",\"inLanguage\":\"en-CA\",\"@id\":\"https:\\\/\\\/www.rbourbonnais.ca\\\/#\\\/schema\\\/logo\\\/image\\\/\",\"url\":\"https:\\\/\\\/www.rbourbonnais.ca\\\/wp-content\\\/uploads\\\/roland-bourbonnais-plomberie-chauffage-logo.png\",\"contentUrl\":\"https:\\\/\\\/www.rbourbonnais.ca\\\/wp-content\\\/uploads\\\/roland-bourbonnais-plomberie-chauffage-logo.png\",\"width\":411,\"height\":119,\"caption\":\"Roland Bourbonnais Lt\u00e9e\"},\"image\":{\"@id\":\"https:\\\/\\\/www.rbourbonnais.ca\\\/#\\\/schema\\\/logo\\\/image\\\/\"},\"sameAs\":[\"https:\\\/\\\/www.facebook.com\\\/roland25bourbonnais\\\/\"]}]}<\/script>\n<!-- \/ Yoast SEO plugin. -->","yoast_head_json":{"title":"Roland Bourbonnais is recruiting professional plumbers and apprentice plumbers.","description":"Join the dynamic, motivated team of plumbers at Roland Bourbonnais Lt\u00e9e. and enjoy a stimulating career with opportunities for training and advancement.","robots":{"index":"index","follow":"follow","max-snippet":"max-snippet:-1","max-image-preview":"max-image-preview:large","max-video-preview":"max-video-preview:-1"},"canonical":"https:\/\/www.rbourbonnais.ca\/en\/careers\/","og_locale":"en_US","og_type":"article","og_title":"Roland Bourbonnais is recruiting professional plumbers and apprentice plumbers.","og_description":"Join the dynamic, motivated team of plumbers at Roland Bourbonnais Lt\u00e9e. and enjoy a stimulating career with opportunities for training and advancement.","og_url":"https:\/\/www.rbourbonnais.ca\/en\/careers\/","og_site_name":"Roland Bourbonnais Lt\u00e9e","article_publisher":"https:\/\/www.facebook.com\/roland25bourbonnais\/","twitter_card":"summary_large_image","twitter_misc":{"Est. reading time":"2 minutes"},"schema":{"@context":"https:\/\/schema.org","@graph":[{"@type":"WebPage","@id":"https:\/\/www.rbourbonnais.ca\/en\/careers\/","url":"https:\/\/www.rbourbonnais.ca\/en\/careers\/","name":"Roland Bourbonnais is recruiting professional plumbers and apprentice plumbers.","isPartOf":{"@id":"https:\/\/www.rbourbonnais.ca\/#website"},"datePublished":"2022-06-30T19:45:20+00:00","description":"Join the dynamic, motivated team of plumbers at Roland Bourbonnais Lt\u00e9e. and enjoy a stimulating career with opportunities for training and advancement.","breadcrumb":{"@id":"https:\/\/www.rbourbonnais.ca\/en\/careers\/#breadcrumb"},"inLanguage":"en-CA","potentialAction":[{"@type":"ReadAction","target":["https:\/\/www.rbourbonnais.ca\/en\/careers\/"]}]},{"@type":"BreadcrumbList","@id":"https:\/\/www.rbourbonnais.ca\/en\/careers\/#breadcrumb","itemListElement":[{"@type":"ListItem","position":1,"name":"Home","item":"https:\/\/www.rbourbonnais.ca\/en\/"},{"@type":"ListItem","position":2,"name":"Careers"}]},{"@type":"WebSite","@id":"https:\/\/www.rbourbonnais.ca\/#website","url":"https:\/\/www.rbourbonnais.ca\/","name":"Roland Bourbonnais Lt\u00e9e","description":"","publisher":{"@id":"https:\/\/www.rbourbonnais.ca\/#organization"},"potentialAction":[{"@type":"SearchAction","target":{"@type":"EntryPoint","urlTemplate":"https:\/\/www.rbourbonnais.ca\/?s={search_term_string}"},"query-input":{"@type":"PropertyValueSpecification","valueRequired":true,"valueName":"search_term_string"}}],"inLanguage":"en-CA"},{"@type":"Organization","@id":"https:\/\/www.rbourbonnais.ca\/#organization","name":"Roland Bourbonnais Lt\u00e9e","url":"https:\/\/www.rbourbonnais.ca\/","logo":{"@type":"ImageObject","inLanguage":"en-CA","@id":"https:\/\/www.rbourbonnais.ca\/#\/schema\/logo\/image\/","url":"https:\/\/www.rbourbonnais.ca\/wp-content\/uploads\/roland-bourbonnais-plomberie-chauffage-logo.png","contentUrl":"https:\/\/www.rbourbonnais.ca\/wp-content\/uploads\/roland-bourbonnais-plomberie-chauffage-logo.png","width":411,"height":119,"caption":"Roland Bourbonnais Lt\u00e9e"},"image":{"@id":"https:\/\/www.rbourbonnais.ca\/#\/schema\/logo\/image\/"},"sameAs":["https:\/\/www.facebook.com\/roland25bourbonnais\/"]}]}},"_links":{"self":[{"href":"https:\/\/www.rbourbonnais.ca\/en\/wp-json\/wp\/v2\/pages\/6147","targetHints":{"allow":["GET"]}}],"collection":[{"href":"https:\/\/www.rbourbonnais.ca\/en\/wp-json\/wp\/v2\/pages"}],"about":[{"href":"https:\/\/www.rbourbonnais.ca\/en\/wp-json\/wp\/v2\/types\/page"}],"author":[{"embeddable":true,"href":"https:\/\/www.rbourbonnais.ca\/en\/wp-json\/wp\/v2\/users\/2"}],"replies":[{"embeddable":true,"href":"https:\/\/www.rbourbonnais.ca\/en\/wp-json\/wp\/v2\/comments?post=6147"}],"version-history":[{"count":3,"href":"https:\/\/www.rbourbonnais.ca\/en\/wp-json\/wp\/v2\/pages\/6147\/revisions"}],"predecessor-version":[{"id":6428,"href":"https:\/\/www.rbourbonnais.ca\/en\/wp-json\/wp\/v2\/pages\/6147\/revisions\/6428"}],"wp:attachment":[{"href":"https:\/\/www.rbourbonnais.ca\/en\/wp-json\/wp\/v2\/media?parent=6147"}],"curies":[{"name":"wp","href":"https:\/\/api.w.org\/{rel}","templated":true}]}}